{"id":12277,"date":"2025-02-05T15:24:20","date_gmt":"2025-02-05T13:24:20","guid":{"rendered":"https:\/\/www.antoinekaram.com\/product\/twirl-taie-doreiller\/"},"modified":"2025-10-17T15:23:57","modified_gmt":"2025-10-17T12:23:57","slug":"twirl-taie-doreiller","status":"publish","type":"product","link":"https:\/\/www.antoinekaram.com\/fr\/produit\/twirl-taie-doreiller\/","title":{"rendered":"Twirl Taie d&rsquo;oreiller"},"content":{"rendered":"","protected":false},"excerpt":{"rendered":"<p>Avec son style raffin\u00e9 de broderie en cha\u00eene, cette s\u00e9rie de taies d&rsquo;oreiller est fabriqu\u00e9e \u00e0 partir du meilleur satin de coton italien, offrant une \u00e9l\u00e9gance \u00e0 la fois moderne et intemporelle. Certifi\u00e9 OEKO-TEX.<\/p>\n<p>L&rsquo;ensemble comprend 2 taies d&rsquo;oreiller (l&rsquo;oreiller du petit d\u00e9jeuner est vendu s\u00e9par\u00e9ment).<\/p>\n<p>Un service sur mesure est disponible pour la personnalisation.<\/p>\n","protected":false},"featured_media":9163,"comment_status":"closed","ping_status":"closed","template":"","meta":{"_joinchat":[]},"product_brand":[],"product_cat":[277,299],"product_tag":[],"class_list":{"0":"post-12277","1":"product","2":"type-product","3":"status-publish","4":"has-post-thumbnail","6":"product_cat-taies-doreiller","7":"product_cat-linge-de-lit","8":"pa_fabric-satin-de-coton-1010","9":"pa_fabric-satin-de-coton-300","10":"pa_fabric-satin-de-coton-600","11":"pa_fabric-satin-de-coton-715","13":"first","14":"instock","15":"shipping-taxable","16":"purchasable","17":"product-type-variable"},"_links":{"self":[{"href":"https:\/\/www.antoinekaram.com\/fr\/wp-json\/wp\/v2\/product\/12277","targetHints":{"allow":["GET"]}}],"collection":[{"href":"https:\/\/www.antoinekaram.com\/fr\/wp-json\/wp\/v2\/product"}],"about":[{"href":"https:\/\/www.antoinekaram.com\/fr\/wp-json\/wp\/v2\/types\/product"}],"replies":[{"embeddable":true,"href":"https:\/\/www.antoinekaram.com\/fr\/wp-json\/wp\/v2\/comments?post=12277"}],"wp:featuredmedia":[{"embeddable":true,"href":"https:\/\/www.antoinekaram.com\/fr\/wp-json\/wp\/v2\/media\/9163"}],"wp:attachment":[{"href":"https:\/\/www.antoinekaram.com\/fr\/wp-json\/wp\/v2\/media?parent=12277"}],"wp:term":[{"taxonomy":"product_brand","embeddable":true,"href":"https:\/\/www.antoinekaram.com\/fr\/wp-json\/wp\/v2\/product_brand?post=12277"},{"taxonomy":"product_cat","embeddable":true,"href":"https:\/\/www.antoinekaram.com\/fr\/wp-json\/wp\/v2\/product_cat?post=12277"},{"taxonomy":"product_tag","embeddable":true,"href":"https:\/\/www.antoinekaram.com\/fr\/wp-json\/wp\/v2\/product_tag?post=12277"}],"curies":[{"name":"wp","href":"https:\/\/api.w.org\/{rel}","templated":true}]}}