{"id":11490,"date":"2022-11-06T21:47:10","date_gmt":"2022-11-06T19:47:10","guid":{"rendered":"https:\/\/www.antoinekaram.com\/product\/cairo-ensemble-de-couette\/"},"modified":"2025-05-13T08:17:53","modified_gmt":"2025-05-13T05:17:53","slug":"cairo-ensemble-de-couette","status":"publish","type":"product","link":"https:\/\/www.antoinekaram.com\/fr\/produit\/cairo-ensemble-de-couette\/","title":{"rendered":"Cairo Ensemble de Couette"},"content":{"rendered":"<h3 class=\"fusion-responsive-typography-calculated\" data-fontsize=\"22\" data-lineheight=\"28.6px\">Notre ensemble de couettes comprend 6 pi\u00e8ces :<\/h3>\n<ul>\n<li>Housse de couette<\/li>\n<li>2 taies d&rsquo;oreiller unies<\/li>\n<li>2 taies d&rsquo;oreiller brod\u00e9es<\/li>\n<li>Drap de lit sup\u00e9rieur<\/li>\n<\/ul>\n<p>Vous recherchez des couleurs diff\u00e9rentes, des tailles de lit sp\u00e9cifiques ou des articles assortis tels que du linge de bain ou des draps de lit ? Notre service sur mesure peut cr\u00e9er une exp\u00e9rience personnalis\u00e9e adapt\u00e9e \u00e0 vos pr\u00e9f\u00e9rences.<\/p>\n","protected":false},"excerpt":{"rendered":"<p>Cet ensemble de couette pr\u00e9sente une broderie treillis complexe, inspir\u00e9e du motif intemporel du cannage, d\u00e9licatement r\u00e9alis\u00e9e sur un luxueux satin de coton italien \u00e0 longues fibres. Ce motif \u00e9l\u00e9gant ajoute une touche de sophistication et de texture \u00e0 votre chambre \u00e0 coucher, ce qui en fait un ajout remarquable \u00e0 tout d\u00e9cor.<\/p>\n","protected":false},"featured_media":7205,"comment_status":"open","ping_status":"closed","template":"","meta":{"_joinchat":[]},"product_brand":[],"product_cat":[300,299,330],"product_tag":[],"class_list":{"0":"post-11490","1":"product","2":"type-product","3":"status-publish","4":"has-post-thumbnail","6":"product_cat-ensembles-de-couettes","7":"product_cat-linge-de-lit","8":"product_cat-moderne","9":"pa_fabric-satin-de-coton-1010","10":"pa_fabric-satin-de-coton-300","11":"pa_fabric-satin-de-coton-600","12":"pa_fabric-satin-de-coton-715","14":"first","15":"instock","16":"shipping-taxable","17":"purchasable","18":"product-type-variable"},"_links":{"self":[{"href":"https:\/\/www.antoinekaram.com\/fr\/wp-json\/wp\/v2\/product\/11490","targetHints":{"allow":["GET"]}}],"collection":[{"href":"https:\/\/www.antoinekaram.com\/fr\/wp-json\/wp\/v2\/product"}],"about":[{"href":"https:\/\/www.antoinekaram.com\/fr\/wp-json\/wp\/v2\/types\/product"}],"replies":[{"embeddable":true,"href":"https:\/\/www.antoinekaram.com\/fr\/wp-json\/wp\/v2\/comments?post=11490"}],"wp:featuredmedia":[{"embeddable":true,"href":"https:\/\/www.antoinekaram.com\/fr\/wp-json\/wp\/v2\/media\/7205"}],"wp:attachment":[{"href":"https:\/\/www.antoinekaram.com\/fr\/wp-json\/wp\/v2\/media?parent=11490"}],"wp:term":[{"taxonomy":"product_brand","embeddable":true,"href":"https:\/\/www.antoinekaram.com\/fr\/wp-json\/wp\/v2\/product_brand?post=11490"},{"taxonomy":"product_cat","embeddable":true,"href":"https:\/\/www.antoinekaram.com\/fr\/wp-json\/wp\/v2\/product_cat?post=11490"},{"taxonomy":"product_tag","embeddable":true,"href":"https:\/\/www.antoinekaram.com\/fr\/wp-json\/wp\/v2\/product_tag?post=11490"}],"curies":[{"name":"wp","href":"https:\/\/api.w.org\/{rel}","templated":true}]}}