{"id":11402,"date":"2025-02-12T12:27:18","date_gmt":"2025-02-12T10:27:18","guid":{"rendered":"https:\/\/www.antoinekaram.com\/product\/tokyo-tapis-de-bain\/"},"modified":"2025-10-15T11:21:05","modified_gmt":"2025-10-15T08:21:05","slug":"tokyo-tapis-de-bain","status":"publish","type":"product","link":"https:\/\/www.antoinekaram.com\/fr\/produit\/tokyo-tapis-de-bain\/","title":{"rendered":"Tokyo Tapis de Bain"},"content":{"rendered":"<p>Vous souhaitez personnaliser la couleur ou la broderie ? <a href=\"https:\/\/www.antoinekaram.com\/fr\/sur-mesure\/\">Notre service sur mesure<\/a> est disponible pour cr\u00e9er une pi\u00e8ce parfaitement adapt\u00e9e \u00e0 votre espace.<\/p>\n","protected":false},"excerpt":{"rendered":"<p>Ce tapis de bain raffin\u00e9 pr\u00e9sente un trio de lignes brod\u00e9es, subtilement s\u00e9par\u00e9es par des accents dor\u00e9s chatoyants qui ajoutent chaleur et sophistication. Fabriqu\u00e9 \u00e0 partir de coton \u00e9ponge 100 % pelucheux, il allie confort quotidien et design raffin\u00e9, offrant une sensation de douceur et d&rsquo;absorption sous les pieds tout en apportant \u00e0 votre salle de bains une touche luxueuse et intemporelle.<\/p>\n","protected":false},"featured_media":9232,"comment_status":"closed","ping_status":"closed","template":"","meta":{"_joinchat":[]},"product_brand":[],"product_cat":[282,328],"product_tag":[],"class_list":{"0":"post-11402","1":"product","2":"type-product","3":"status-publish","4":"has-post-thumbnail","6":"product_cat-tapis-de-bain","7":"product_cat-linge-de-bain","9":"first","10":"instock","11":"shipping-taxable","12":"purchasable","13":"product-type-variable"},"_links":{"self":[{"href":"https:\/\/www.antoinekaram.com\/fr\/wp-json\/wp\/v2\/product\/11402","targetHints":{"allow":["GET"]}}],"collection":[{"href":"https:\/\/www.antoinekaram.com\/fr\/wp-json\/wp\/v2\/product"}],"about":[{"href":"https:\/\/www.antoinekaram.com\/fr\/wp-json\/wp\/v2\/types\/product"}],"replies":[{"embeddable":true,"href":"https:\/\/www.antoinekaram.com\/fr\/wp-json\/wp\/v2\/comments?post=11402"}],"wp:featuredmedia":[{"embeddable":true,"href":"https:\/\/www.antoinekaram.com\/fr\/wp-json\/wp\/v2\/media\/9232"}],"wp:attachment":[{"href":"https:\/\/www.antoinekaram.com\/fr\/wp-json\/wp\/v2\/media?parent=11402"}],"wp:term":[{"taxonomy":"product_brand","embeddable":true,"href":"https:\/\/www.antoinekaram.com\/fr\/wp-json\/wp\/v2\/product_brand?post=11402"},{"taxonomy":"product_cat","embeddable":true,"href":"https:\/\/www.antoinekaram.com\/fr\/wp-json\/wp\/v2\/product_cat?post=11402"},{"taxonomy":"product_tag","embeddable":true,"href":"https:\/\/www.antoinekaram.com\/fr\/wp-json\/wp\/v2\/product_tag?post=11402"}],"curies":[{"name":"wp","href":"https:\/\/api.w.org\/{rel}","templated":true}]}}