{"id":11401,"date":"2025-02-12T11:54:12","date_gmt":"2025-02-12T09:54:12","guid":{"rendered":"https:\/\/www.antoinekaram.com\/product\/nc1-tapis-de-bain\/"},"modified":"2025-10-15T11:18:19","modified_gmt":"2025-10-15T08:18:19","slug":"nc1-tapis-de-bain","status":"publish","type":"product","link":"https:\/\/www.antoinekaram.com\/fr\/produit\/nc1-tapis-de-bain\/","title":{"rendered":"NC1 Tapis de Bain"},"content":{"rendered":"<p>Vous souhaitez une taille ou une couleur de fil personnalis\u00e9e ? <a href=\"https:\/\/www.antoinekaram.com\/fr\/sur-mesure\/\">Notre service sur mesure<\/a> vous propose des options adapt\u00e9es \u00e0 votre int\u00e9rieur.<\/p>\n","protected":false},"excerpt":{"rendered":"<p>Con\u00e7u avec d&rsquo;\u00e9l\u00e9gantes broderies en forme de cha\u00eene, ce tapis de bain ajoute une touche subtile au d\u00e9cor de votre salle de bains. Ses lignes pures et continues \u00e9voquent une sophistication intemporelle, tandis que sa fabrication 100 % coton \u00e9ponge garantit une sensation de douceur et d&rsquo;absorption sous les pieds.<\/p>\n","protected":false},"featured_media":9219,"comment_status":"closed","ping_status":"closed","template":"","meta":{"_joinchat":[]},"product_brand":[],"product_cat":[282,328],"product_tag":[],"class_list":{"0":"post-11401","1":"product","2":"type-product","3":"status-publish","4":"has-post-thumbnail","6":"product_cat-tapis-de-bain","7":"product_cat-linge-de-bain","9":"first","10":"instock","11":"shipping-taxable","12":"purchasable","13":"product-type-variable"},"_links":{"self":[{"href":"https:\/\/www.antoinekaram.com\/fr\/wp-json\/wp\/v2\/product\/11401","targetHints":{"allow":["GET"]}}],"collection":[{"href":"https:\/\/www.antoinekaram.com\/fr\/wp-json\/wp\/v2\/product"}],"about":[{"href":"https:\/\/www.antoinekaram.com\/fr\/wp-json\/wp\/v2\/types\/product"}],"replies":[{"embeddable":true,"href":"https:\/\/www.antoinekaram.com\/fr\/wp-json\/wp\/v2\/comments?post=11401"}],"wp:featuredmedia":[{"embeddable":true,"href":"https:\/\/www.antoinekaram.com\/fr\/wp-json\/wp\/v2\/media\/9219"}],"wp:attachment":[{"href":"https:\/\/www.antoinekaram.com\/fr\/wp-json\/wp\/v2\/media?parent=11401"}],"wp:term":[{"taxonomy":"product_brand","embeddable":true,"href":"https:\/\/www.antoinekaram.com\/fr\/wp-json\/wp\/v2\/product_brand?post=11401"},{"taxonomy":"product_cat","embeddable":true,"href":"https:\/\/www.antoinekaram.com\/fr\/wp-json\/wp\/v2\/product_cat?post=11401"},{"taxonomy":"product_tag","embeddable":true,"href":"https:\/\/www.antoinekaram.com\/fr\/wp-json\/wp\/v2\/product_tag?post=11401"}],"curies":[{"name":"wp","href":"https:\/\/api.w.org\/{rel}","templated":true}]}}