{"id":11397,"date":"2025-02-12T11:34:50","date_gmt":"2025-02-12T09:34:50","guid":{"rendered":"https:\/\/www.antoinekaram.com\/product\/marrakesh-tapis-de-bain\/"},"modified":"2025-10-15T11:16:29","modified_gmt":"2025-10-15T08:16:29","slug":"marrakesh-tapis-de-bain","status":"publish","type":"product","link":"https:\/\/www.antoinekaram.com\/fr\/produit\/marrakesh-tapis-de-bain\/","title":{"rendered":"Marrakesh Tapis de Bain"},"content":{"rendered":"<p>Vous recherchez un ensemble coordonn\u00e9 ou une couleur personnalis\u00e9e ? <a href=\"https:\/\/www.antoinekaram.com\/fr\/sur-mesure\/\">Notre service sur mesure<\/a> vous permet d&rsquo;adapter votre linge de bain \u00e0 votre espace personnel.<\/p>\n","protected":false},"excerpt":{"rendered":"<p>Inspir\u00e9 par la g\u00e9om\u00e9trie complexe du design marocain, le tapis de bain Marrakesh pr\u00e9sente un magnifique motif tiss\u00e9 qui apporte chaleur et caract\u00e8re \u00e0 votre salle de bains. Fabriqu\u00e9 en coton \u00e9ponge 100 % doux et absorbant, il offre une sensation de douceur et de rembourrage sous les pieds, id\u00e9ale pour sortir d&rsquo;un bain ou d&rsquo;une douche relaxante avec confort et style.<\/p>\n","protected":false},"featured_media":9214,"comment_status":"closed","ping_status":"closed","template":"","meta":{"_joinchat":[]},"product_brand":[],"product_cat":[282,328],"product_tag":[],"class_list":{"0":"post-11397","1":"product","2":"type-product","3":"status-publish","4":"has-post-thumbnail","6":"product_cat-tapis-de-bain","7":"product_cat-linge-de-bain","9":"first","10":"instock","11":"shipping-taxable","12":"purchasable","13":"product-type-variable"},"_links":{"self":[{"href":"https:\/\/www.antoinekaram.com\/fr\/wp-json\/wp\/v2\/product\/11397","targetHints":{"allow":["GET"]}}],"collection":[{"href":"https:\/\/www.antoinekaram.com\/fr\/wp-json\/wp\/v2\/product"}],"about":[{"href":"https:\/\/www.antoinekaram.com\/fr\/wp-json\/wp\/v2\/types\/product"}],"replies":[{"embeddable":true,"href":"https:\/\/www.antoinekaram.com\/fr\/wp-json\/wp\/v2\/comments?post=11397"}],"wp:featuredmedia":[{"embeddable":true,"href":"https:\/\/www.antoinekaram.com\/fr\/wp-json\/wp\/v2\/media\/9214"}],"wp:attachment":[{"href":"https:\/\/www.antoinekaram.com\/fr\/wp-json\/wp\/v2\/media?parent=11397"}],"wp:term":[{"taxonomy":"product_brand","embeddable":true,"href":"https:\/\/www.antoinekaram.com\/fr\/wp-json\/wp\/v2\/product_brand?post=11397"},{"taxonomy":"product_cat","embeddable":true,"href":"https:\/\/www.antoinekaram.com\/fr\/wp-json\/wp\/v2\/product_cat?post=11397"},{"taxonomy":"product_tag","embeddable":true,"href":"https:\/\/www.antoinekaram.com\/fr\/wp-json\/wp\/v2\/product_tag?post=11397"}],"curies":[{"name":"wp","href":"https:\/\/api.w.org\/{rel}","templated":true}]}}