{"id":11396,"date":"2025-02-12T11:13:26","date_gmt":"2025-02-12T09:13:26","guid":{"rendered":"https:\/\/www.antoinekaram.com\/product\/frederice-tapis-de-bain\/"},"modified":"2025-10-15T11:12:05","modified_gmt":"2025-10-15T08:12:05","slug":"frederice-tapis-de-bain","status":"publish","type":"product","link":"https:\/\/www.antoinekaram.com\/fr\/produit\/frederice-tapis-de-bain\/","title":{"rendered":"Frederice Tapis de Bain"},"content":{"rendered":"<p>Pour une finition personnalis\u00e9e, <a href=\"https:\/\/www.antoinekaram.com\/fr\/sur-mesure\/\">d\u00e9couvrez notre service sur mesure<\/a>. Nous proposons des couleurs de fil personnalis\u00e9es et des ensembles assortis adapt\u00e9s \u00e0 votre go\u00fbt.<\/p>\n","protected":false},"excerpt":{"rendered":"<div class=\"flex max-w-full flex-col flex-grow\">\n<div class=\"min-h-8 text-message flex w-full flex-col items-end gap-2 whitespace-normal break-words text-start [.text-message+&amp;]:mt-5\" dir=\"auto\" data-message-author-role=\"assistant\" data-message-id=\"6eadd9db-b54e-485a-be88-96cadf892f13\" data-message-model-slug=\"gpt-4o\">\n<div class=\"flex w-full flex-col gap-1 empty:hidden first:pt-[3px]\">\n<div class=\"markdown prose w-full break-words dark:prose-invert light\">\n<p>Faites l&rsquo;exp\u00e9rience d&rsquo;une \u00e9l\u00e9gance raffin\u00e9e avec ce tapis de bain, orn\u00e9 d&rsquo;une gracieuse broderie de feuilles en fil d&rsquo;or rayonnant. Fabriqu\u00e9 en coton \u00e9ponge 100 % pelucheux et tr\u00e8s absorbant, il procure une sensation somptueuse sous les pieds tout en rehaussant votre salle de bains d&rsquo;un motif naturel \u00e0 la fois subtil et sophistiqu\u00e9.<\/p>\n<\/div>\n<\/div>\n<\/div>\n<\/div>\n<div class=\"mb-2 flex gap-3 empty:hidden -ml-2\">\n<div class=\"items-center justify-start rounded-xl p-1 flex\">\n<div class=\"flex items-center\">\n<div class=\"flex items-center pb-0\"><\/div>\n<\/div>\n<\/div>\n<\/div>\n","protected":false},"featured_media":9203,"comment_status":"closed","ping_status":"closed","template":"","meta":{"_joinchat":[]},"product_brand":[],"product_cat":[282,328],"product_tag":[],"class_list":{"0":"post-11396","1":"product","2":"type-product","3":"status-publish","4":"has-post-thumbnail","6":"product_cat-tapis-de-bain","7":"product_cat-linge-de-bain","9":"first","10":"instock","11":"shipping-taxable","12":"purchasable","13":"product-type-variable"},"_links":{"self":[{"href":"https:\/\/www.antoinekaram.com\/fr\/wp-json\/wp\/v2\/product\/11396","targetHints":{"allow":["GET"]}}],"collection":[{"href":"https:\/\/www.antoinekaram.com\/fr\/wp-json\/wp\/v2\/product"}],"about":[{"href":"https:\/\/www.antoinekaram.com\/fr\/wp-json\/wp\/v2\/types\/product"}],"replies":[{"embeddable":true,"href":"https:\/\/www.antoinekaram.com\/fr\/wp-json\/wp\/v2\/comments?post=11396"}],"wp:featuredmedia":[{"embeddable":true,"href":"https:\/\/www.antoinekaram.com\/fr\/wp-json\/wp\/v2\/media\/9203"}],"wp:attachment":[{"href":"https:\/\/www.antoinekaram.com\/fr\/wp-json\/wp\/v2\/media?parent=11396"}],"wp:term":[{"taxonomy":"product_brand","embeddable":true,"href":"https:\/\/www.antoinekaram.com\/fr\/wp-json\/wp\/v2\/product_brand?post=11396"},{"taxonomy":"product_cat","embeddable":true,"href":"https:\/\/www.antoinekaram.com\/fr\/wp-json\/wp\/v2\/product_cat?post=11396"},{"taxonomy":"product_tag","embeddable":true,"href":"https:\/\/www.antoinekaram.com\/fr\/wp-json\/wp\/v2\/product_tag?post=11396"}],"curies":[{"name":"wp","href":"https:\/\/api.w.org\/{rel}","templated":true}]}}