{"id":11395,"date":"2025-02-12T11:28:50","date_gmt":"2025-02-12T09:28:50","guid":{"rendered":"https:\/\/www.antoinekaram.com\/product\/magnet-tapis-de-bain\/"},"modified":"2025-10-15T11:15:00","modified_gmt":"2025-10-15T08:15:00","slug":"magnet-tapis-de-bain","status":"publish","type":"product","link":"https:\/\/www.antoinekaram.com\/fr\/produit\/magnet-tapis-de-bain\/","title":{"rendered":"Magnet Tapis de Bain"},"content":{"rendered":"<p>Vous recherchez une couleur de fil personnalis\u00e9e ou un ensemble coordonn\u00e9 ? Notre <a href=\"https:\/\/www.antoinekaram.com\/fr\/sur-mesure\/\">service sur mesure<\/a> vous permet d&rsquo;adapter le design \u00e0 votre style unique.<\/p>\n","protected":false},"excerpt":{"rendered":"<p>Orn\u00e9 d&rsquo;un d\u00e9licat motif en forme de c\u0153ur form\u00e9 de points brod\u00e9s en or, ce tapis de bain apporte une touche gracieuse et romantique \u00e0 votre salle de bains. Fabriqu\u00e9 en coton \u00e9ponge 100 % pelucheux et absorbant, il offre un confort sous les pieds tout en rehaussant votre rituel quotidien de chaleur et d&rsquo;\u00e9l\u00e9gance.<\/p>\n","protected":false},"featured_media":9209,"comment_status":"closed","ping_status":"closed","template":"","meta":{"_joinchat":[]},"product_brand":[],"product_cat":[282,328],"product_tag":[],"class_list":{"0":"post-11395","1":"product","2":"type-product","3":"status-publish","4":"has-post-thumbnail","6":"product_cat-tapis-de-bain","7":"product_cat-linge-de-bain","9":"first","10":"instock","11":"shipping-taxable","12":"purchasable","13":"product-type-variable"},"_links":{"self":[{"href":"https:\/\/www.antoinekaram.com\/fr\/wp-json\/wp\/v2\/product\/11395","targetHints":{"allow":["GET"]}}],"collection":[{"href":"https:\/\/www.antoinekaram.com\/fr\/wp-json\/wp\/v2\/product"}],"about":[{"href":"https:\/\/www.antoinekaram.com\/fr\/wp-json\/wp\/v2\/types\/product"}],"replies":[{"embeddable":true,"href":"https:\/\/www.antoinekaram.com\/fr\/wp-json\/wp\/v2\/comments?post=11395"}],"wp:featuredmedia":[{"embeddable":true,"href":"https:\/\/www.antoinekaram.com\/fr\/wp-json\/wp\/v2\/media\/9209"}],"wp:attachment":[{"href":"https:\/\/www.antoinekaram.com\/fr\/wp-json\/wp\/v2\/media?parent=11395"}],"wp:term":[{"taxonomy":"product_brand","embeddable":true,"href":"https:\/\/www.antoinekaram.com\/fr\/wp-json\/wp\/v2\/product_brand?post=11395"},{"taxonomy":"product_cat","embeddable":true,"href":"https:\/\/www.antoinekaram.com\/fr\/wp-json\/wp\/v2\/product_cat?post=11395"},{"taxonomy":"product_tag","embeddable":true,"href":"https:\/\/www.antoinekaram.com\/fr\/wp-json\/wp\/v2\/product_tag?post=11395"}],"curies":[{"name":"wp","href":"https:\/\/api.w.org\/{rel}","templated":true}]}}