{"id":11394,"date":"2025-02-12T10:52:44","date_gmt":"2025-02-12T08:52:44","guid":{"rendered":"https:\/\/www.antoinekaram.com\/product\/athens-tapis-de-bain\/"},"modified":"2025-10-15T11:11:08","modified_gmt":"2025-10-15T08:11:08","slug":"athens-tapis-de-bain","status":"publish","type":"product","link":"https:\/\/www.antoinekaram.com\/fr\/produit\/athens-tapis-de-bain\/","title":{"rendered":"Athens Tapis de Bain"},"content":{"rendered":"<p>Vous recherchez un ensemble coordonn\u00e9 ou une couleur personnalis\u00e9e ? Notre <a href=\"https:\/\/www.antoinekaram.com\/fr\/sur-mesure\/\">service sur mesure<\/a> vous permet d&rsquo;adapter votre linge de bain \u00e0 votre espace personnel.<\/p>\n","protected":false},"excerpt":{"rendered":"<div class=\"flex max-w-full flex-col flex-grow\">\n<div class=\"min-h-8 text-message flex w-full flex-col items-end gap-2 whitespace-normal break-words text-start [.text-message+&amp;]:mt-5\" dir=\"auto\" data-message-author-role=\"assistant\" data-message-id=\"0e8acdec-fc27-4802-be31-ee1a4ee540d5\" data-message-model-slug=\"gpt-4o\">\n<div class=\"flex w-full flex-col gap-1 empty:hidden first:pt-[3px]\">\n<div class=\"markdown prose w-full break-words dark:prose-invert light\">\n<p data-start=\"0\" data-end=\"204\" data-is-last-node=\"\">Tapis de bain rectangulaire de taille standard, orn\u00e9 d&rsquo;une broderie \u00e0 trois lignes d&rsquo;inspiration moderne pour une touche naturelle intemporelle. Fabriqu\u00e9 en coton \u00e9ponge 100 % doux et absorbant, il offre une sensation de peluche sous les pieds apr\u00e8s chaque douche chaude.<\/p>\n<\/div>\n<\/div>\n<\/div>\n<\/div>\n<div class=\"mb-2 flex gap-3 empty:hidden -ml-2\">\n<div class=\"items-center justify-start rounded-xl p-1 flex\">\n<div class=\"flex items-center\">\n<div class=\"flex items-center pb-0\"><\/div>\n<\/div>\n<\/div>\n<\/div>\n","protected":false},"featured_media":9198,"comment_status":"closed","ping_status":"closed","template":"","meta":{"_joinchat":[]},"product_brand":[],"product_cat":[282,328],"product_tag":[],"class_list":{"0":"post-11394","1":"product","2":"type-product","3":"status-publish","4":"has-post-thumbnail","6":"product_cat-tapis-de-bain","7":"product_cat-linge-de-bain","9":"first","10":"instock","11":"shipping-taxable","12":"purchasable","13":"product-type-variable"},"_links":{"self":[{"href":"https:\/\/www.antoinekaram.com\/fr\/wp-json\/wp\/v2\/product\/11394","targetHints":{"allow":["GET"]}}],"collection":[{"href":"https:\/\/www.antoinekaram.com\/fr\/wp-json\/wp\/v2\/product"}],"about":[{"href":"https:\/\/www.antoinekaram.com\/fr\/wp-json\/wp\/v2\/types\/product"}],"replies":[{"embeddable":true,"href":"https:\/\/www.antoinekaram.com\/fr\/wp-json\/wp\/v2\/comments?post=11394"}],"wp:featuredmedia":[{"embeddable":true,"href":"https:\/\/www.antoinekaram.com\/fr\/wp-json\/wp\/v2\/media\/9198"}],"wp:attachment":[{"href":"https:\/\/www.antoinekaram.com\/fr\/wp-json\/wp\/v2\/media?parent=11394"}],"wp:term":[{"taxonomy":"product_brand","embeddable":true,"href":"https:\/\/www.antoinekaram.com\/fr\/wp-json\/wp\/v2\/product_brand?post=11394"},{"taxonomy":"product_cat","embeddable":true,"href":"https:\/\/www.antoinekaram.com\/fr\/wp-json\/wp\/v2\/product_cat?post=11394"},{"taxonomy":"product_tag","embeddable":true,"href":"https:\/\/www.antoinekaram.com\/fr\/wp-json\/wp\/v2\/product_tag?post=11394"}],"curies":[{"name":"wp","href":"https:\/\/api.w.org\/{rel}","templated":true}]}}