{"id":11391,"date":"2022-10-26T17:52:54","date_gmt":"2022-10-26T14:52:54","guid":{"rendered":"https:\/\/www.antoinekaram.com\/product\/noir-tapis-de-bain\/"},"modified":"2025-10-15T11:11:35","modified_gmt":"2025-10-15T08:11:35","slug":"noir-tapis-de-bain","status":"publish","type":"product","link":"https:\/\/www.antoinekaram.com\/fr\/produit\/noir-tapis-de-bain\/","title":{"rendered":"Noir Tapis de Bain"},"content":{"rendered":"","protected":false},"excerpt":{"rendered":"<p>Fabriqu\u00e9 en coton \u00e9ponge 100 % doux et absorbant, ce tapis de bain noir \u00e9l\u00e9gant offre un confort moelleux sous les pieds tout en se fondant dans le d\u00e9cor de la salle de bains. Son design minimaliste intemporel apporte une \u00e9l\u00e9gance discr\u00e8te et un luxe pratique \u00e0 votre quotidien.<\/p>\n","protected":false},"featured_media":7569,"comment_status":"open","ping_status":"closed","template":"","meta":{"_joinchat":[]},"product_brand":[],"product_cat":[282,328],"product_tag":[],"class_list":{"0":"post-11391","1":"product","2":"type-product","3":"status-publish","4":"has-post-thumbnail","6":"product_cat-tapis-de-bain","7":"product_cat-linge-de-bain","9":"first","10":"instock","11":"shipping-taxable","12":"purchasable","13":"product-type-variable"},"_links":{"self":[{"href":"https:\/\/www.antoinekaram.com\/fr\/wp-json\/wp\/v2\/product\/11391","targetHints":{"allow":["GET"]}}],"collection":[{"href":"https:\/\/www.antoinekaram.com\/fr\/wp-json\/wp\/v2\/product"}],"about":[{"href":"https:\/\/www.antoinekaram.com\/fr\/wp-json\/wp\/v2\/types\/product"}],"replies":[{"embeddable":true,"href":"https:\/\/www.antoinekaram.com\/fr\/wp-json\/wp\/v2\/comments?post=11391"}],"wp:featuredmedia":[{"embeddable":true,"href":"https:\/\/www.antoinekaram.com\/fr\/wp-json\/wp\/v2\/media\/7569"}],"wp:attachment":[{"href":"https:\/\/www.antoinekaram.com\/fr\/wp-json\/wp\/v2\/media?parent=11391"}],"wp:term":[{"taxonomy":"product_brand","embeddable":true,"href":"https:\/\/www.antoinekaram.com\/fr\/wp-json\/wp\/v2\/product_brand?post=11391"},{"taxonomy":"product_cat","embeddable":true,"href":"https:\/\/www.antoinekaram.com\/fr\/wp-json\/wp\/v2\/product_cat?post=11391"},{"taxonomy":"product_tag","embeddable":true,"href":"https:\/\/www.antoinekaram.com\/fr\/wp-json\/wp\/v2\/product_tag?post=11391"}],"curies":[{"name":"wp","href":"https:\/\/api.w.org\/{rel}","templated":true}]}}