{"id":11390,"date":"2025-02-12T12:34:33","date_gmt":"2025-02-12T10:34:33","guid":{"rendered":"https:\/\/www.antoinekaram.com\/product\/3-lignes-tapis-de-bain\/"},"modified":"2025-10-15T10:55:49","modified_gmt":"2025-10-15T07:55:49","slug":"3-lignes-tapis-de-bain","status":"publish","type":"product","link":"https:\/\/www.antoinekaram.com\/fr\/produit\/3-lignes-tapis-de-bain\/","title":{"rendered":"3 lignes Tapis de bain"},"content":{"rendered":"<p>Vous pr\u00e9f\u00e9rez une couleur de fil diff\u00e9rente ou des pi\u00e8ces assorties ? <a href=\"https:\/\/www.antoinekaram.com\/fr\/sur-mesure\/\">Notre service sur mesure<\/a> vous permet d&rsquo;adapter le design \u00e0 votre espace sans effort.<\/p>\n","protected":false},"excerpt":{"rendered":"<p>D\u00e9fini par ses lignes \u00e9pur\u00e9es et modernes, ce tapis de bain pr\u00e9sente une broderie classique \u00e0 trois lignes qui apporte une structure et une \u00e9l\u00e9gance subtiles \u00e0 toute salle de bains. Fabriqu\u00e9 en coton \u00e9ponge 100 % doux et absorbant, il procure une sensation de peluche et de confort sous les pieds, id\u00e9ale pour les moments de d\u00e9tente apr\u00e8s la douche.<\/p>\n","protected":false},"featured_media":9237,"comment_status":"closed","ping_status":"closed","template":"","meta":{"_joinchat":[]},"product_brand":[],"product_cat":[282,328],"product_tag":[],"class_list":{"0":"post-11390","1":"product","2":"type-product","3":"status-publish","4":"has-post-thumbnail","6":"product_cat-tapis-de-bain","7":"product_cat-linge-de-bain","9":"first","10":"instock","11":"shipping-taxable","12":"purchasable","13":"product-type-variable"},"_links":{"self":[{"href":"https:\/\/www.antoinekaram.com\/fr\/wp-json\/wp\/v2\/product\/11390","targetHints":{"allow":["GET"]}}],"collection":[{"href":"https:\/\/www.antoinekaram.com\/fr\/wp-json\/wp\/v2\/product"}],"about":[{"href":"https:\/\/www.antoinekaram.com\/fr\/wp-json\/wp\/v2\/types\/product"}],"replies":[{"embeddable":true,"href":"https:\/\/www.antoinekaram.com\/fr\/wp-json\/wp\/v2\/comments?post=11390"}],"wp:featuredmedia":[{"embeddable":true,"href":"https:\/\/www.antoinekaram.com\/fr\/wp-json\/wp\/v2\/media\/9237"}],"wp:attachment":[{"href":"https:\/\/www.antoinekaram.com\/fr\/wp-json\/wp\/v2\/media?parent=11390"}],"wp:term":[{"taxonomy":"product_brand","embeddable":true,"href":"https:\/\/www.antoinekaram.com\/fr\/wp-json\/wp\/v2\/product_brand?post=11390"},{"taxonomy":"product_cat","embeddable":true,"href":"https:\/\/www.antoinekaram.com\/fr\/wp-json\/wp\/v2\/product_cat?post=11390"},{"taxonomy":"product_tag","embeddable":true,"href":"https:\/\/www.antoinekaram.com\/fr\/wp-json\/wp\/v2\/product_tag?post=11390"}],"curies":[{"name":"wp","href":"https:\/\/api.w.org\/{rel}","templated":true}]}}