{"id":11389,"date":"2024-10-30T13:33:18","date_gmt":"2024-10-30T11:33:18","guid":{"rendered":"https:\/\/www.antoinekaram.com\/product\/tokyo-serviette\/"},"modified":"2025-10-14T11:29:25","modified_gmt":"2025-10-14T08:29:25","slug":"tokyo-serviette","status":"publish","type":"product","link":"https:\/\/www.antoinekaram.com\/fr\/produit\/tokyo-serviette\/","title":{"rendered":"Tokyo Serviette"},"content":{"rendered":"<h3><strong>Informations sur les serviettes :<\/strong><\/h3>\n<ul>\n<li>100% coton \u00e9gyptien, tiss\u00e9 en Italie<\/li>\n<li>Doux, pelucheux et tr\u00e8s absorbant<\/li>\n<\/ul>\n","protected":false},"excerpt":{"rendered":"<p>Cette serviette d&rsquo;un blanc pur est orn\u00e9e d&rsquo;une broderie unique \u00e0 trois lignes pointill\u00e9es, inspir\u00e9e par la simplicit\u00e9 raffin\u00e9e du design japonais. Fabriqu\u00e9e en 100 % coton \u00e9gyptien, elle offre un toucher doux et moelleux ainsi qu&rsquo;une excellente capacit\u00e9 d&rsquo;absorption, apportant luxe et fonctionnalit\u00e9 \u00e0 votre quotidien.<\/p>\n","protected":false},"featured_media":8027,"comment_status":"closed","ping_status":"closed","template":"","meta":{"_joinchat":[]},"product_brand":[],"product_cat":[332,328],"product_tag":[333,336],"class_list":{"0":"post-11389","1":"product","2":"type-product","3":"status-publish","4":"has-post-thumbnail","6":"product_cat-serviettes","7":"product_cat-linge-de-bain","8":"product_tag-linge-de-bain","9":"product_tag-serviette-de-bain","11":"first","12":"instock","13":"shipping-taxable","14":"purchasable","15":"product-type-variable"},"_links":{"self":[{"href":"https:\/\/www.antoinekaram.com\/fr\/wp-json\/wp\/v2\/product\/11389","targetHints":{"allow":["GET"]}}],"collection":[{"href":"https:\/\/www.antoinekaram.com\/fr\/wp-json\/wp\/v2\/product"}],"about":[{"href":"https:\/\/www.antoinekaram.com\/fr\/wp-json\/wp\/v2\/types\/product"}],"replies":[{"embeddable":true,"href":"https:\/\/www.antoinekaram.com\/fr\/wp-json\/wp\/v2\/comments?post=11389"}],"wp:featuredmedia":[{"embeddable":true,"href":"https:\/\/www.antoinekaram.com\/fr\/wp-json\/wp\/v2\/media\/8027"}],"wp:attachment":[{"href":"https:\/\/www.antoinekaram.com\/fr\/wp-json\/wp\/v2\/media?parent=11389"}],"wp:term":[{"taxonomy":"product_brand","embeddable":true,"href":"https:\/\/www.antoinekaram.com\/fr\/wp-json\/wp\/v2\/product_brand?post=11389"},{"taxonomy":"product_cat","embeddable":true,"href":"https:\/\/www.antoinekaram.com\/fr\/wp-json\/wp\/v2\/product_cat?post=11389"},{"taxonomy":"product_tag","embeddable":true,"href":"https:\/\/www.antoinekaram.com\/fr\/wp-json\/wp\/v2\/product_tag?post=11389"}],"curies":[{"name":"wp","href":"https:\/\/api.w.org\/{rel}","templated":true}]}}