{"id":11387,"date":"2024-10-28T13:59:17","date_gmt":"2024-10-28T11:59:17","guid":{"rendered":"https:\/\/www.antoinekaram.com\/product\/santorini-serviette\/"},"modified":"2025-10-14T11:29:05","modified_gmt":"2025-10-14T08:29:05","slug":"santorini-serviette","status":"publish","type":"product","link":"https:\/\/www.antoinekaram.com\/fr\/produit\/santorini-serviette\/","title":{"rendered":"Santorini Serviette"},"content":{"rendered":"<h3><strong>Informations sur les serviettes :<\/strong><\/h3>\n<ul>\n<li>100% coton \u00e9gyptien, tiss\u00e9 en Italie<\/li>\n<li>Doux, absorbant et durable<\/li>\n<li>Reliure en coton propre pour une finition raffin\u00e9e.<\/li>\n<\/ul>\n<p>Vous cherchez des couleurs diff\u00e9rentes ou des articles coordonn\u00e9s ? Notre service sur mesure est disponible pour cr\u00e9er une exp\u00e9rience personnalis\u00e9e adapt\u00e9e \u00e0 vos pr\u00e9f\u00e9rences.<\/p>\n","protected":false},"excerpt":{"rendered":"<p>Cette luxueuse serviette pr\u00e9sente une broderie bleue exquise, inspir\u00e9e de l&rsquo;architecture embl\u00e9matique de Santorin. Fabriqu\u00e9 en 100 % coton \u00e9gyptien, il offre un toucher doux et moelleux et une capacit\u00e9 d&rsquo;absorption exceptionnelle.<\/p>\n","protected":false},"featured_media":8019,"comment_status":"closed","ping_status":"closed","template":"","meta":{"_joinchat":[]},"product_brand":[],"product_cat":[332,328],"product_tag":[333,287],"class_list":{"0":"post-11387","1":"product","2":"type-product","3":"status-publish","4":"has-post-thumbnail","6":"product_cat-serviettes","7":"product_cat-linge-de-bain","8":"product_tag-linge-de-bain","9":"product_tag-serviettes","11":"first","12":"instock","13":"shipping-taxable","14":"purchasable","15":"product-type-variable"},"_links":{"self":[{"href":"https:\/\/www.antoinekaram.com\/fr\/wp-json\/wp\/v2\/product\/11387","targetHints":{"allow":["GET"]}}],"collection":[{"href":"https:\/\/www.antoinekaram.com\/fr\/wp-json\/wp\/v2\/product"}],"about":[{"href":"https:\/\/www.antoinekaram.com\/fr\/wp-json\/wp\/v2\/types\/product"}],"replies":[{"embeddable":true,"href":"https:\/\/www.antoinekaram.com\/fr\/wp-json\/wp\/v2\/comments?post=11387"}],"wp:featuredmedia":[{"embeddable":true,"href":"https:\/\/www.antoinekaram.com\/fr\/wp-json\/wp\/v2\/media\/8019"}],"wp:attachment":[{"href":"https:\/\/www.antoinekaram.com\/fr\/wp-json\/wp\/v2\/media?parent=11387"}],"wp:term":[{"taxonomy":"product_brand","embeddable":true,"href":"https:\/\/www.antoinekaram.com\/fr\/wp-json\/wp\/v2\/product_brand?post=11387"},{"taxonomy":"product_cat","embeddable":true,"href":"https:\/\/www.antoinekaram.com\/fr\/wp-json\/wp\/v2\/product_cat?post=11387"},{"taxonomy":"product_tag","embeddable":true,"href":"https:\/\/www.antoinekaram.com\/fr\/wp-json\/wp\/v2\/product_tag?post=11387"}],"curies":[{"name":"wp","href":"https:\/\/api.w.org\/{rel}","templated":true}]}}