{"id":11386,"date":"2024-10-30T13:57:18","date_gmt":"2024-10-30T11:57:18","guid":{"rendered":"https:\/\/www.antoinekaram.com\/product\/seoul-serviette\/"},"modified":"2025-10-14T11:29:23","modified_gmt":"2025-10-14T08:29:23","slug":"seoul-serviette","status":"publish","type":"product","link":"https:\/\/www.antoinekaram.com\/fr\/produit\/seoul-serviette\/","title":{"rendered":"S\u00e9oul Serviette"},"content":{"rendered":"<h3><strong>Informations sur les serviettes :<\/strong><\/h3>\n<ul>\n<li>100% coton \u00e9gyptien, tiss\u00e9 en Italie<\/li>\n<li>Doux, pelucheux et tr\u00e8s absorbant<\/li>\n<\/ul>\n","protected":false},"excerpt":{"rendered":"<div class=\"flex-shrink-0 flex flex-col relative items-end\">\n<div>\n<div class=\"pt-0\">\n<div class=\"gizmo-bot-avatar flex h-8 w-8 items-center justify-center overflow-hidden rounded-full\">\n<div class=\"relative p-1 rounded-sm flex items-center justify-center bg-token-main-surface-primary text-token-text-primary h-8 w-8\">Cette serviette d&rsquo;un blanc pur pr\u00e9sente une broderie aux motifs modernes et \u00e9pur\u00e9s, inspir\u00e9e par l&rsquo;\u00e9l\u00e9gance dynamique du design de S\u00e9oul. Fabriqu\u00e9e en 100 % coton \u00e9gyptien, elle offre un toucher doux et moelleux et un pouvoir d&rsquo;absorption sup\u00e9rieur, alliant harmonieusement luxe et praticit\u00e9 pour votre quotidien.<\/div>\n<\/div>\n<\/div>\n<\/div>\n<\/div>\n","protected":false},"featured_media":8030,"comment_status":"closed","ping_status":"closed","template":"","meta":{"_joinchat":[]},"product_brand":[],"product_cat":[332,328],"product_tag":[333],"class_list":{"0":"post-11386","1":"product","2":"type-product","3":"status-publish","4":"has-post-thumbnail","6":"product_cat-serviettes","7":"product_cat-linge-de-bain","8":"product_tag-linge-de-bain","10":"first","11":"instock","12":"shipping-taxable","13":"purchasable","14":"product-type-variable"},"_links":{"self":[{"href":"https:\/\/www.antoinekaram.com\/fr\/wp-json\/wp\/v2\/product\/11386","targetHints":{"allow":["GET"]}}],"collection":[{"href":"https:\/\/www.antoinekaram.com\/fr\/wp-json\/wp\/v2\/product"}],"about":[{"href":"https:\/\/www.antoinekaram.com\/fr\/wp-json\/wp\/v2\/types\/product"}],"replies":[{"embeddable":true,"href":"https:\/\/www.antoinekaram.com\/fr\/wp-json\/wp\/v2\/comments?post=11386"}],"wp:featuredmedia":[{"embeddable":true,"href":"https:\/\/www.antoinekaram.com\/fr\/wp-json\/wp\/v2\/media\/8030"}],"wp:attachment":[{"href":"https:\/\/www.antoinekaram.com\/fr\/wp-json\/wp\/v2\/media?parent=11386"}],"wp:term":[{"taxonomy":"product_brand","embeddable":true,"href":"https:\/\/www.antoinekaram.com\/fr\/wp-json\/wp\/v2\/product_brand?post=11386"},{"taxonomy":"product_cat","embeddable":true,"href":"https:\/\/www.antoinekaram.com\/fr\/wp-json\/wp\/v2\/product_cat?post=11386"},{"taxonomy":"product_tag","embeddable":true,"href":"https:\/\/www.antoinekaram.com\/fr\/wp-json\/wp\/v2\/product_tag?post=11386"}],"curies":[{"name":"wp","href":"https:\/\/api.w.org\/{rel}","templated":true}]}}