{"id":11385,"date":"2024-10-28T13:36:14","date_gmt":"2024-10-28T11:36:14","guid":{"rendered":"https:\/\/www.antoinekaram.com\/product\/nc1-serviette\/"},"modified":"2025-10-14T11:28:49","modified_gmt":"2025-10-14T08:28:49","slug":"nc1-serviette","status":"publish","type":"product","link":"https:\/\/www.antoinekaram.com\/fr\/produit\/nc1-serviette\/","title":{"rendered":"NC1 Serviette"},"content":{"rendered":"<h3><strong>Informations sur les serviettes :<\/strong><\/h3>\n<ul>\n<li>100% coton \u00e9gyptien, tiss\u00e9 en Italie<\/li>\n<li>Doux, absorbant et durable<\/li>\n<li>Reliure en coton propre pour une finition raffin\u00e9e.<\/li>\n<\/ul>\n<p>Vous recherchez des couleurs diff\u00e9rentes ou des articles coordonn\u00e9s ? Notre service sur mesure est disponible pour cr\u00e9er une exp\u00e9rience personnalis\u00e9e adapt\u00e9e \u00e0 vos pr\u00e9f\u00e9rences.<\/p>\n","protected":false},"excerpt":{"rendered":"<p>Une fusion parfaite entre le design \u00e9pur\u00e9 et le luxe. Dot\u00e9e d&rsquo;une broderie contemporaine, cette serviette est fabriqu\u00e9e \u00e0 partir du meilleur coton \u00e9gyptien (100 %) pour un toucher doux et absorbant.<\/p>\n","protected":false},"featured_media":8018,"comment_status":"closed","ping_status":"closed","template":"","meta":{"_joinchat":[]},"product_brand":[],"product_cat":[332,328],"product_tag":[333,287],"class_list":{"0":"post-11385","1":"product","2":"type-product","3":"status-publish","4":"has-post-thumbnail","6":"product_cat-serviettes","7":"product_cat-linge-de-bain","8":"product_tag-linge-de-bain","9":"product_tag-serviettes","11":"first","12":"instock","13":"shipping-taxable","14":"purchasable","15":"product-type-variable"},"_links":{"self":[{"href":"https:\/\/www.antoinekaram.com\/fr\/wp-json\/wp\/v2\/product\/11385","targetHints":{"allow":["GET"]}}],"collection":[{"href":"https:\/\/www.antoinekaram.com\/fr\/wp-json\/wp\/v2\/product"}],"about":[{"href":"https:\/\/www.antoinekaram.com\/fr\/wp-json\/wp\/v2\/types\/product"}],"replies":[{"embeddable":true,"href":"https:\/\/www.antoinekaram.com\/fr\/wp-json\/wp\/v2\/comments?post=11385"}],"wp:featuredmedia":[{"embeddable":true,"href":"https:\/\/www.antoinekaram.com\/fr\/wp-json\/wp\/v2\/media\/8018"}],"wp:attachment":[{"href":"https:\/\/www.antoinekaram.com\/fr\/wp-json\/wp\/v2\/media?parent=11385"}],"wp:term":[{"taxonomy":"product_brand","embeddable":true,"href":"https:\/\/www.antoinekaram.com\/fr\/wp-json\/wp\/v2\/product_brand?post=11385"},{"taxonomy":"product_cat","embeddable":true,"href":"https:\/\/www.antoinekaram.com\/fr\/wp-json\/wp\/v2\/product_cat?post=11385"},{"taxonomy":"product_tag","embeddable":true,"href":"https:\/\/www.antoinekaram.com\/fr\/wp-json\/wp\/v2\/product_tag?post=11385"}],"curies":[{"name":"wp","href":"https:\/\/api.w.org\/{rel}","templated":true}]}}