{"id":11383,"date":"2024-11-01T10:36:59","date_gmt":"2024-11-01T08:36:59","guid":{"rendered":"https:\/\/www.antoinekaram.com\/product\/magnet-serviette\/"},"modified":"2025-10-14T11:26:43","modified_gmt":"2025-10-14T08:26:43","slug":"magnet-serviette","status":"publish","type":"product","link":"https:\/\/www.antoinekaram.com\/fr\/produit\/magnet-serviette\/","title":{"rendered":"Magnet Serviette"},"content":{"rendered":"<h3><strong>Informations sur les serviettes :<\/strong><\/h3>\n<ul>\n<li>100% coton \u00e9gyptien, tiss\u00e9 en Italie<\/li>\n<li>Doux, pelucheux et tr\u00e8s absorbant<\/li>\n<\/ul>\n","protected":false},"excerpt":{"rendered":"<p>Cette serviette pr\u00e9sente une broderie moderne et raffin\u00e9e dans un design intemporel, parfaite pour rehausser le d\u00e9cor de votre salle de bains. Fabriqu\u00e9e en 100 % coton \u00e9gyptien, elle offre une texture douce et moelleuse et un pouvoir d&rsquo;absorption exceptionnel, alliant sans effort luxe et fonctionnalit\u00e9 au quotidien.<\/p>\n","protected":false},"featured_media":8033,"comment_status":"closed","ping_status":"closed","template":"","meta":{"_joinchat":[]},"product_brand":[],"product_cat":[332,328],"product_tag":[333],"class_list":{"0":"post-11383","1":"product","2":"type-product","3":"status-publish","4":"has-post-thumbnail","6":"product_cat-serviettes","7":"product_cat-linge-de-bain","8":"product_tag-linge-de-bain","10":"first","11":"instock","12":"shipping-taxable","13":"purchasable","14":"product-type-variable"},"_links":{"self":[{"href":"https:\/\/www.antoinekaram.com\/fr\/wp-json\/wp\/v2\/product\/11383","targetHints":{"allow":["GET"]}}],"collection":[{"href":"https:\/\/www.antoinekaram.com\/fr\/wp-json\/wp\/v2\/product"}],"about":[{"href":"https:\/\/www.antoinekaram.com\/fr\/wp-json\/wp\/v2\/types\/product"}],"replies":[{"embeddable":true,"href":"https:\/\/www.antoinekaram.com\/fr\/wp-json\/wp\/v2\/comments?post=11383"}],"wp:featuredmedia":[{"embeddable":true,"href":"https:\/\/www.antoinekaram.com\/fr\/wp-json\/wp\/v2\/media\/8033"}],"wp:attachment":[{"href":"https:\/\/www.antoinekaram.com\/fr\/wp-json\/wp\/v2\/media?parent=11383"}],"wp:term":[{"taxonomy":"product_brand","embeddable":true,"href":"https:\/\/www.antoinekaram.com\/fr\/wp-json\/wp\/v2\/product_brand?post=11383"},{"taxonomy":"product_cat","embeddable":true,"href":"https:\/\/www.antoinekaram.com\/fr\/wp-json\/wp\/v2\/product_cat?post=11383"},{"taxonomy":"product_tag","embeddable":true,"href":"https:\/\/www.antoinekaram.com\/fr\/wp-json\/wp\/v2\/product_tag?post=11383"}],"curies":[{"name":"wp","href":"https:\/\/api.w.org\/{rel}","templated":true}]}}