{"id":11379,"date":"2024-11-01T11:50:06","date_gmt":"2024-11-01T09:50:06","guid":{"rendered":"https:\/\/www.antoinekaram.com\/product\/frederice-serviette-de-bain\/"},"modified":"2025-10-14T11:25:12","modified_gmt":"2025-10-14T08:25:12","slug":"frederice-serviette-de-bain","status":"publish","type":"product","link":"https:\/\/www.antoinekaram.com\/fr\/produit\/frederice-serviette-de-bain\/","title":{"rendered":"Frederice Serviette de Bain"},"content":{"rendered":"<h3><strong>Informations sur les serviettes :<\/strong><\/h3>\n<ul>\n<li>100% coton \u00e9gyptien, tiss\u00e9 en Italie<\/li>\n<li>Doux, pelucheux et tr\u00e8s absorbant<\/li>\n<\/ul>\n","protected":false},"excerpt":{"rendered":"<p>Cette serviette apporte \u00e0 votre salle de bains une \u00e9l\u00e9gance inspir\u00e9e de la nature, avec de d\u00e9licates broderies de feuilles sur un fond blanc pur. Fabriqu\u00e9e en 100 % coton \u00e9gyptien, elle offre une texture moelleuse et ultra-douce avec un pouvoir d&rsquo;absorption sup\u00e9rieur, alliant le luxe \u00e0 la s\u00e9r\u00e9nit\u00e9 de la nature pour une exp\u00e9rience de bain raffin\u00e9e.<\/p>\n","protected":false},"featured_media":8036,"comment_status":"closed","ping_status":"closed","template":"","meta":{"_joinchat":[]},"product_brand":[],"product_cat":[332,328],"product_tag":[],"class_list":{"0":"post-11379","1":"product","2":"type-product","3":"status-publish","4":"has-post-thumbnail","6":"product_cat-serviettes","7":"product_cat-linge-de-bain","9":"first","10":"instock","11":"shipping-taxable","12":"purchasable","13":"product-type-variable"},"_links":{"self":[{"href":"https:\/\/www.antoinekaram.com\/fr\/wp-json\/wp\/v2\/product\/11379","targetHints":{"allow":["GET"]}}],"collection":[{"href":"https:\/\/www.antoinekaram.com\/fr\/wp-json\/wp\/v2\/product"}],"about":[{"href":"https:\/\/www.antoinekaram.com\/fr\/wp-json\/wp\/v2\/types\/product"}],"replies":[{"embeddable":true,"href":"https:\/\/www.antoinekaram.com\/fr\/wp-json\/wp\/v2\/comments?post=11379"}],"wp:featuredmedia":[{"embeddable":true,"href":"https:\/\/www.antoinekaram.com\/fr\/wp-json\/wp\/v2\/media\/8036"}],"wp:attachment":[{"href":"https:\/\/www.antoinekaram.com\/fr\/wp-json\/wp\/v2\/media?parent=11379"}],"wp:term":[{"taxonomy":"product_brand","embeddable":true,"href":"https:\/\/www.antoinekaram.com\/fr\/wp-json\/wp\/v2\/product_brand?post=11379"},{"taxonomy":"product_cat","embeddable":true,"href":"https:\/\/www.antoinekaram.com\/fr\/wp-json\/wp\/v2\/product_cat?post=11379"},{"taxonomy":"product_tag","embeddable":true,"href":"https:\/\/www.antoinekaram.com\/fr\/wp-json\/wp\/v2\/product_tag?post=11379"}],"curies":[{"name":"wp","href":"https:\/\/api.w.org\/{rel}","templated":true}]}}