{"id":11315,"date":"2022-11-06T21:47:24","date_gmt":"2022-11-06T19:47:24","guid":{"rendered":"https:\/\/www.antoinekaram.com\/product\/tulum-ensemble-de-couette\/"},"modified":"2025-05-13T17:51:38","modified_gmt":"2025-05-13T14:51:38","slug":"tulum-ensemble-de-couette","status":"publish","type":"product","link":"https:\/\/www.antoinekaram.com\/fr\/produit\/tulum-ensemble-de-couette\/","title":{"rendered":"Tulum Ensemble de Couette"},"content":{"rendered":"<h3 class=\"fusion-responsive-typography-calculated\" data-fontsize=\"22\" data-lineheight=\"28.6px\">Notre ensemble de couettes comprend 6 pi\u00e8ces :<\/h3>\n<ul>\n<li>Housse de couette<\/li>\n<li>2 taies d&rsquo;oreiller unies<\/li>\n<li>2 taies d&rsquo;oreiller brod\u00e9es<\/li>\n<li>Drap de lit sup\u00e9rieur<\/li>\n<\/ul>\n<p>Vous recherchez des couleurs diff\u00e9rentes, des tailles de lit sp\u00e9cifiques ou des articles assortis tels que du linge de bain ou des draps de lit ? Gr\u00e2ce \u00e0 notre service sur mesure, vous pouvez cr\u00e9er une exp\u00e9rience personnalis\u00e9e adapt\u00e9e \u00e0 vos pr\u00e9f\u00e9rences. Contactez-nous pour plus d&rsquo;informations.<\/p>\n","protected":false},"excerpt":{"rendered":"<div class=\"flex max-w-full flex-col flex-grow\">\n<div class=\"min-h-8 text-message flex w-full flex-col items-end gap-2 whitespace-normal break-words [.text-message+&amp;]:mt-5\" dir=\"auto\" data-message-author-role=\"assistant\" data-message-id=\"eb37bf92-4dc5-4052-8637-864dcc98ed18\" data-message-model-slug=\"gpt-4o\">\n<div class=\"flex w-full flex-col gap-1 empty:hidden first:pt-[3px]\">\n<div class=\"markdown prose w-full break-words dark:prose-invert light\">\n<p>Cet ensemble de lit pr\u00e9sente une base blanche nette orn\u00e9e de d\u00e9licates broderies dor\u00e9es, cr\u00e9ant un look sophistiqu\u00e9 et intemporel. Fabriqu\u00e9 en luxueux satin de coton italien \u00e0 longues fibres, il apporte une touche raffin\u00e9e et \u00e9l\u00e9gante \u00e0 votre chambre \u00e0 coucher, alliant un design moderne \u00e0 un soup\u00e7on de luxe classique.<\/p>\n<\/div>\n<\/div>\n<\/div>\n<\/div>\n","protected":false},"featured_media":7831,"comment_status":"open","ping_status":"closed","template":"","meta":{"_joinchat":[]},"product_brand":[],"product_cat":[300,299,330],"product_tag":[],"class_list":{"0":"post-11315","1":"product","2":"type-product","3":"status-publish","4":"has-post-thumbnail","6":"product_cat-ensembles-de-couettes","7":"product_cat-linge-de-lit","8":"product_cat-moderne","9":"pa_fabric-satin-de-coton-1010","10":"pa_fabric-satin-de-coton-300","11":"pa_fabric-satin-de-coton-600","12":"pa_fabric-satin-de-coton-715","14":"first","15":"instock","16":"shipping-taxable","17":"purchasable","18":"product-type-variable"},"_links":{"self":[{"href":"https:\/\/www.antoinekaram.com\/fr\/wp-json\/wp\/v2\/product\/11315","targetHints":{"allow":["GET"]}}],"collection":[{"href":"https:\/\/www.antoinekaram.com\/fr\/wp-json\/wp\/v2\/product"}],"about":[{"href":"https:\/\/www.antoinekaram.com\/fr\/wp-json\/wp\/v2\/types\/product"}],"replies":[{"embeddable":true,"href":"https:\/\/www.antoinekaram.com\/fr\/wp-json\/wp\/v2\/comments?post=11315"}],"wp:featuredmedia":[{"embeddable":true,"href":"https:\/\/www.antoinekaram.com\/fr\/wp-json\/wp\/v2\/media\/7831"}],"wp:attachment":[{"href":"https:\/\/www.antoinekaram.com\/fr\/wp-json\/wp\/v2\/media?parent=11315"}],"wp:term":[{"taxonomy":"product_brand","embeddable":true,"href":"https:\/\/www.antoinekaram.com\/fr\/wp-json\/wp\/v2\/product_brand?post=11315"},{"taxonomy":"product_cat","embeddable":true,"href":"https:\/\/www.antoinekaram.com\/fr\/wp-json\/wp\/v2\/product_cat?post=11315"},{"taxonomy":"product_tag","embeddable":true,"href":"https:\/\/www.antoinekaram.com\/fr\/wp-json\/wp\/v2\/product_tag?post=11315"}],"curies":[{"name":"wp","href":"https:\/\/api.w.org\/{rel}","templated":true}]}}