{"id":11225,"date":"2024-09-11T10:42:58","date_gmt":"2024-09-11T07:42:58","guid":{"rendered":"https:\/\/www.antoinekaram.com\/product\/apex-ensemble-de-couette\/"},"modified":"2025-05-07T09:44:02","modified_gmt":"2025-05-07T06:44:02","slug":"apex-ensemble-de-couette","status":"publish","type":"product","link":"https:\/\/www.antoinekaram.com\/fr\/produit\/apex-ensemble-de-couette\/","title":{"rendered":"Apex Ensemble de couette"},"content":{"rendered":"<h3 class=\"fusion-responsive-typography-calculated\" data-fontsize=\"22\" data-lineheight=\"28.6px\">Notre ensemble de couettes comprend 6 pi\u00e8ces :<\/h3>\n<ul>\n<li>Housse de couette<\/li>\n<li>2 taies d&rsquo;oreiller unies<\/li>\n<li>2 taies d&rsquo;oreiller brod\u00e9es<\/li>\n<li>Feuille sup\u00e9rieure<\/li>\n<\/ul>\n<p>Vous recherchez des couleurs diff\u00e9rentes, des tailles de lit sp\u00e9cifiques ou des articles assortis tels que du linge de bain ou des draps de lit ? Notre service sur mesure peut cr\u00e9er une exp\u00e9rience personnalis\u00e9e adapt\u00e9e \u00e0 vos pr\u00e9f\u00e9rences.<\/p>\n","protected":false},"excerpt":{"rendered":"<p>Une fusion parfaite de design moderne et d&rsquo;\u00e9l\u00e9gance raffin\u00e9e. Avec ses broderies contemporaines dans des tons blancs et roses, cette parure de couette ajoute une touche d\u00e9licate et \u00e9l\u00e9gante \u00e0 la d\u00e9coration de votre chambre \u00e0 coucher. Elle est fabriqu\u00e9e avec soin dans des mat\u00e9riaux de premi\u00e8re qualit\u00e9.<\/p>\n","protected":false},"featured_media":7969,"comment_status":"closed","ping_status":"closed","template":"","meta":{"_joinchat":[]},"product_brand":[],"product_cat":[300,299,330],"product_tag":[331,271],"class_list":{"0":"post-11225","1":"product","2":"type-product","3":"status-publish","4":"has-post-thumbnail","6":"product_cat-ensembles-de-couettes","7":"product_cat-linge-de-lit","8":"product_cat-moderne","9":"product_tag-ensemble-de-lit","10":"product_tag-housse-de-lit","11":"pa_fabric-satin-de-coton-1010","12":"pa_fabric-satin-de-coton-300","13":"pa_fabric-satin-de-coton-600","14":"pa_fabric-satin-de-coton-715","16":"first","17":"instock","18":"shipping-taxable","19":"purchasable","20":"product-type-variable"},"_links":{"self":[{"href":"https:\/\/www.antoinekaram.com\/fr\/wp-json\/wp\/v2\/product\/11225","targetHints":{"allow":["GET"]}}],"collection":[{"href":"https:\/\/www.antoinekaram.com\/fr\/wp-json\/wp\/v2\/product"}],"about":[{"href":"https:\/\/www.antoinekaram.com\/fr\/wp-json\/wp\/v2\/types\/product"}],"replies":[{"embeddable":true,"href":"https:\/\/www.antoinekaram.com\/fr\/wp-json\/wp\/v2\/comments?post=11225"}],"wp:featuredmedia":[{"embeddable":true,"href":"https:\/\/www.antoinekaram.com\/fr\/wp-json\/wp\/v2\/media\/7969"}],"wp:attachment":[{"href":"https:\/\/www.antoinekaram.com\/fr\/wp-json\/wp\/v2\/media?parent=11225"}],"wp:term":[{"taxonomy":"product_brand","embeddable":true,"href":"https:\/\/www.antoinekaram.com\/fr\/wp-json\/wp\/v2\/product_brand?post=11225"},{"taxonomy":"product_cat","embeddable":true,"href":"https:\/\/www.antoinekaram.com\/fr\/wp-json\/wp\/v2\/product_cat?post=11225"},{"taxonomy":"product_tag","embeddable":true,"href":"https:\/\/www.antoinekaram.com\/fr\/wp-json\/wp\/v2\/product_tag?post=11225"}],"curies":[{"name":"wp","href":"https:\/\/api.w.org\/{rel}","templated":true}]}}