{"id":11206,"date":"2021-09-06T15:31:51","date_gmt":"2021-09-06T12:31:51","guid":{"rendered":"https:\/\/www.antoinekaram.com\/product\/plain-drap-de-dessous\/"},"modified":"2025-10-16T10:13:48","modified_gmt":"2025-10-16T07:13:48","slug":"plain-drap-de-dessous","status":"publish","type":"product","link":"https:\/\/www.antoinekaram.com\/fr\/produit\/plain-drap-de-dessous\/","title":{"rendered":"Plain Drap de Dessous"},"content":{"rendered":"<h3><strong>Info produit :<\/strong><\/h3>\n<ul>\n<li>Le coton est un tissu T300 uniquement<\/li>\n<li>Fabriqu\u00e9 au Liban &#8211; Tissu d&rsquo;Italie.<\/li>\n<li>Le tissu d&rsquo;Antoine Karam est certifi\u00e9 OEKO-TEX.<\/li>\n<\/ul>\n","protected":false},"excerpt":{"rendered":"<p>Profitez d&rsquo;un sommeil r\u00e9parateur avec notre drap de dessous en satin de coton, la base parfaite pour nos collections de satin de coton uni et d\u00e9coratif. Doux et moelleux, il est con\u00e7u pour vous apporter confort et soutien tout au long de la nuit.<\/p>\n","protected":false},"featured_media":6971,"comment_status":"closed","ping_status":"closed","template":"","meta":{"_joinchat":[]},"product_brand":[],"product_cat":[321,299],"product_tag":[],"class_list":{"0":"post-11206","1":"product","2":"type-product","3":"status-publish","4":"has-post-thumbnail","6":"product_cat-drap-housse","7":"product_cat-linge-de-lit","9":"first","10":"instock","11":"shipping-taxable","12":"purchasable","13":"product-type-variable"},"_links":{"self":[{"href":"https:\/\/www.antoinekaram.com\/fr\/wp-json\/wp\/v2\/product\/11206","targetHints":{"allow":["GET"]}}],"collection":[{"href":"https:\/\/www.antoinekaram.com\/fr\/wp-json\/wp\/v2\/product"}],"about":[{"href":"https:\/\/www.antoinekaram.com\/fr\/wp-json\/wp\/v2\/types\/product"}],"replies":[{"embeddable":true,"href":"https:\/\/www.antoinekaram.com\/fr\/wp-json\/wp\/v2\/comments?post=11206"}],"wp:featuredmedia":[{"embeddable":true,"href":"https:\/\/www.antoinekaram.com\/fr\/wp-json\/wp\/v2\/media\/6971"}],"wp:attachment":[{"href":"https:\/\/www.antoinekaram.com\/fr\/wp-json\/wp\/v2\/media?parent=11206"}],"wp:term":[{"taxonomy":"product_brand","embeddable":true,"href":"https:\/\/www.antoinekaram.com\/fr\/wp-json\/wp\/v2\/product_brand?post=11206"},{"taxonomy":"product_cat","embeddable":true,"href":"https:\/\/www.antoinekaram.com\/fr\/wp-json\/wp\/v2\/product_cat?post=11206"},{"taxonomy":"product_tag","embeddable":true,"href":"https:\/\/www.antoinekaram.com\/fr\/wp-json\/wp\/v2\/product_tag?post=11206"}],"curies":[{"name":"wp","href":"https:\/\/api.w.org\/{rel}","templated":true}]}}