{"id":8068,"date":"2021-10-07T14:15:10","date_gmt":"2021-10-07T11:15:10","guid":{"rendered":"https:\/\/www.antoinekaram.com\/expedition-et-retours\/"},"modified":"2025-10-06T21:27:03","modified_gmt":"2025-10-06T18:27:03","slug":"expedition-et-retours","status":"publish","type":"page","link":"https:\/\/www.antoinekaram.com\/fr\/expedition-et-retours\/","title":{"rendered":"Exp\u00e9dition et retours"},"content":{"rendered":"<div class=\"fusion-fullwidth fullwidth-box fusion-builder-row-1 fusion-flex-container nonhundred-percent-fullwidth non-hundred-percent-height-scrolling\" style=\"--awb-border-radius-top-left:0px;--awb-border-radius-top-right:0px;--awb-border-radius-bottom-right:0px;--awb-border-radius-bottom-left:0px;--awb-flex-wrap:wrap;\" ><div class=\"fusion-builder-row fusion-row fusion-flex-align-items-flex-start fusion-flex-content-wrap\" style=\"max-width:1236px;margin-left: calc(-3% \/ 2 );margin-right: calc(-3% \/ 2 );\"><div class=\"fusion-layout-column fusion_builder_column fusion-builder-column-0 fusion_builder_column_2_3 2_3 fusion-flex-column\" style=\"--awb-bg-size:cover;--awb-width-large:66.666666666667%;--awb-margin-top-large:0px;--awb-spacing-right-large:2.1825%;--awb-margin-bottom-large:20px;--awb-spacing-left-large:2.1825%;--awb-width-medium:66.666666666667%;--awb-order-medium:0;--awb-spacing-right-medium:2.1825%;--awb-spacing-left-medium:2.1825%;--awb-width-small:100%;--awb-order-small:0;--awb-spacing-right-small:1.455%;--awb-spacing-left-small:1.455%;\"><div class=\"fusion-column-wrapper fusion-column-has-shadow fusion-flex-justify-content-flex-start fusion-content-layout-column\"><div class=\"fusion-text fusion-text-1\" style=\"--awb-content-alignment:justify;--awb-text-transform:none;\"><h2>Politique d&rsquo;exp\u00e9dition<\/h2>\n<p>La production des articles prend g\u00e9n\u00e9ralement jusqu&rsquo;\u00e0 10 jours ouvrables, tandis que leur exp\u00e9dition peut prendre jusqu&rsquo;\u00e0 2 ou 3 jours ouvrables en fonction du pays.<\/p>\n<p>Les commandes disponibles en stock n\u00e9cessitent toutefois un d\u00e9lai de 2 \u00e0 3 jours ouvrables.<\/p>\n<p>Le d\u00e9lai de livraison commence \u00e0 partir du moment o\u00f9 la commande est accept\u00e9e et en cours de traitement.<\/p>\n<p>Veuillez noter que les commandes ne sont pas trait\u00e9es les samedis et les dimanches. Elles seront donc trait\u00e9es le lundi.<\/p>\n<p>Si les articles que vous avez command\u00e9s ne sont pas disponibles en stock ou si une confirmation suppl\u00e9mentaire des d\u00e9tails du paiement est requise, la commande peut \u00eatre retard\u00e9e et notre service client\u00e8le vous contactera \u00e0 l&rsquo;adresse \u00e9lectronique et\/ou au num\u00e9ro de t\u00e9l\u00e9phone figurant sur la commande pour vous donner de plus amples informations.<\/p>\n<p>Les frais de livraison sont bas\u00e9s sur le poids total de la commande.<\/p>\n<p>Pour toutes les livraisons internationales, le d\u00e9lai d\u00e9pend de nos partenaires logistiques et de leurs filiales. Cependant, soyez assur\u00e9 que votre commande est bien en route et que vous pourrez la suivre gr\u00e2ce au num\u00e9ro de suivi qui vous a \u00e9t\u00e9 envoy\u00e9.<\/p>\n<h2>Retours et \u00e9changes en ligne<\/h2>\n<p>Les articles achet\u00e9s au prix fort sur AntoineKaram.com peuvent \u00eatre retourn\u00e9s dans un d\u00e9lai de 15 jours \u00e0 compter de la date d&rsquo;exp\u00e9dition en contactant notre service client\u00e8le, <a href=\"mailto:orders@antoinekaram.com\">orders@antoinekaram.com<\/a> pour toute assistance.<\/p>\n<p>AntoineKaram.com n&rsquo;accepte que les retours d&rsquo;articles non utilis\u00e9s et non lav\u00e9s achet\u00e9s sur notre site Internet.<\/p>\n<p>Les frais de retour sont \u00e0 la charge du client. Toutefois, dans le cas d&rsquo;un d\u00e9faut ou d&rsquo;une erreur de qualit\u00e9, AntoineKaram.com prendra en charge tous les frais d&rsquo;envoi. <\/p>\n<p>Les articles sold\u00e9s achet\u00e9s sur AntoineKaram.com ne peuvent \u00eatre ni repris ni \u00e9chang\u00e9s apr\u00e8s l&rsquo;achat. Tous les frais d&rsquo;exp\u00e9dition et de manutention ne sont pas remboursables.<\/p>\n<p>Toutes les commandes personnalis\u00e9es pass\u00e9es sur AntoineKaram.com ne peuvent \u00eatre ni \u00e9chang\u00e9es ni retourn\u00e9es.<\/p>\n<h2>Retours et \u00e9changes au d\u00e9tail<\/h2>\n<p>Les articles achet\u00e9s dans les magasins Antoine Karam peuvent \u00eatre retourn\u00e9s pour \u00e9change ou pour un cr\u00e9dit de marchandise \u00e0 utiliser dans notre magasin (jusqu&rsquo;\u00e0 1 an). Les articles doivent \u00eatre retourn\u00e9s sans avoir \u00e9t\u00e9 utilis\u00e9s, dans leur emballage d&rsquo;origine avec les \u00e9tiquettes attach\u00e9es, dans les 15 jours suivant la date d&rsquo;achat ou la date d&rsquo;exp\u00e9dition, accompagn\u00e9s du bordereau d&rsquo;exp\u00e9dition d&rsquo;origine.<\/p>\n<p>Les articles sold\u00e9s achet\u00e9s dans les magasins Antoine Karam ne peuvent \u00eatre ni repris ni \u00e9chang\u00e9s apr\u00e8s l&rsquo;achat. Tous les frais d&rsquo;exp\u00e9dition et de manutention ne sont pas remboursables.<\/p>\n<p>Les cadeaux retourn\u00e9s accompagn\u00e9s du re\u00e7u original ou du bordereau d&rsquo;exp\u00e9dition peuvent \u00eatre \u00e9chang\u00e9s contre un nouvel article ou contre un cr\u00e9dit de marchandise aux magasins Antoine Karam. Les articles qui ne sont pas accompagn\u00e9s d&rsquo;un re\u00e7u-cadeau seront \u00e9chang\u00e9s contre des articles en magasin uniquement au prix de vente actuel.<\/p>\n<p>Toutes les commandes personnalis\u00e9es pass\u00e9es dans les magasins Antoine Karam ne peuvent \u00eatre ni \u00e9chang\u00e9es ni retourn\u00e9es.<\/p>\n<p><u>V\u00e9rifier l&rsquo;\u00e9tat de la commande (lien hypertexte)<br \/>\n<\/u><\/p>\n<p><a href=\"https:\/\/www.antoinekaram.com\/wp-content\/uploads\/2025\/06\/Picture1.png\"><img fetchpriority=\"high\" decoding=\"async\" class=\"alignnone wp-image-14393 size-full\" src=\"https:\/\/www.antoinekaram.com\/wp-content\/uploads\/2025\/06\/Picture1.png\" alt=\"\" width=\"1490\" height=\"681\" srcset=\"https:\/\/www.antoinekaram.com\/wp-content\/uploads\/2025\/06\/Picture1-200x91.png 200w, https:\/\/www.antoinekaram.com\/wp-content\/uploads\/2025\/06\/Picture1-300x137.png 300w, https:\/\/www.antoinekaram.com\/wp-content\/uploads\/2025\/06\/Picture1-400x183.png 400w, https:\/\/www.antoinekaram.com\/wp-content\/uploads\/2025\/06\/Picture1-500x229.png 500w, https:\/\/www.antoinekaram.com\/wp-content\/uploads\/2025\/06\/Picture1-600x274.png 600w, https:\/\/www.antoinekaram.com\/wp-content\/uploads\/2025\/06\/Picture1-768x351.png 768w, https:\/\/www.antoinekaram.com\/wp-content\/uploads\/2025\/06\/Picture1-800x366.png 800w, https:\/\/www.antoinekaram.com\/wp-content\/uploads\/2025\/06\/Picture1-1024x468.png 1024w, https:\/\/www.antoinekaram.com\/wp-content\/uploads\/2025\/06\/Picture1-1200x548.png 1200w, https:\/\/www.antoinekaram.com\/wp-content\/uploads\/2025\/06\/Picture1.png 1490w\" sizes=\"(max-width: 1490px) 100vw, 1490px\" \/><\/a><\/p>\n<p><u>Service client\u00e8le (hyperlien)<\/u><\/p>\n<p><a href=\"https:\/\/www.antoinekaram.com\/wp-content\/uploads\/2025\/06\/Picture3.png\"><img decoding=\"async\" class=\"alignnone size-full wp-image-14395\" src=\"https:\/\/www.antoinekaram.com\/wp-content\/uploads\/2025\/06\/Picture3.png\" alt=\"\" width=\"1486\" height=\"941\" srcset=\"https:\/\/www.antoinekaram.com\/wp-content\/uploads\/2025\/06\/Picture3-200x127.png 200w, https:\/\/www.antoinekaram.com\/wp-content\/uploads\/2025\/06\/Picture3-300x190.png 300w, https:\/\/www.antoinekaram.com\/wp-content\/uploads\/2025\/06\/Picture3-320x202.png 320w, https:\/\/www.antoinekaram.com\/wp-content\/uploads\/2025\/06\/Picture3-400x253.png 400w, https:\/\/www.antoinekaram.com\/wp-content\/uploads\/2025\/06\/Picture3-500x317.png 500w, https:\/\/www.antoinekaram.com\/wp-content\/uploads\/2025\/06\/Picture3-600x380.png 600w, https:\/\/www.antoinekaram.com\/wp-content\/uploads\/2025\/06\/Picture3-768x486.png 768w, https:\/\/www.antoinekaram.com\/wp-content\/uploads\/2025\/06\/Picture3-800x507.png 800w, https:\/\/www.antoinekaram.com\/wp-content\/uploads\/2025\/06\/Picture3-1024x648.png 1024w, https:\/\/www.antoinekaram.com\/wp-content\/uploads\/2025\/06\/Picture3-1200x760.png 1200w, https:\/\/www.antoinekaram.com\/wp-content\/uploads\/2025\/06\/Picture3.png 1486w\" sizes=\"(max-width: 1486px) 100vw, 1486px\" \/><\/a><\/p>\n<h2><\/h2>\n<h2>Expert en luxe sur mesure<\/h2>\n<p>Collaboration sur place avec l&rsquo;un de nos experts par vid\u00e9o, chat en temps r\u00e9el ou appel t\u00e9l\u00e9phonique. Cette fonction est disponible en arabe, en anglais ou en fran\u00e7ais.<\/p>\n<p>Pour prendre rendez-vous, veuillez nous contacter \u00e0 l&rsquo;<a href=\"mailto:bespokeluxury@antoinekaram.com\">adresse suivante : bespokeluxury@antoinekaram.com<\/a><\/p>\n<h2>Courriel<\/h2>\n<p>Pour toute demande de renseignements, veuillez nous envoyer un courriel \u00e0 l&rsquo;adresse suivante  <a href=\"mailto:orders@antoinekaram.com\">orders@antoinekaram.com<\/a><\/p>\n<h2>Appelez-nous<\/h2>\n<p>Si\u00e8ge social, Hazmieh, Beyrouth, Liban +961 70 757 878 \/ +961 5 951 538<\/p>\n<p><strong>Du lundi au vendredi : de<\/strong> 9 heures \u00e0 19 heures<\/p>\n<\/div><\/div><\/div><\/div><\/div>\n","protected":false},"excerpt":{"rendered":"","protected":false},"author":2,"featured_media":0,"parent":0,"menu_order":0,"comment_status":"closed","ping_status":"closed","template":"","meta":{"_joinchat":[],"footnotes":""},"class_list":["post-8068","page","type-page","status-publish","hentry"],"_links":{"self":[{"href":"https:\/\/www.antoinekaram.com\/fr\/wp-json\/wp\/v2\/pages\/8068","targetHints":{"allow":["GET"]}}],"collection":[{"href":"https:\/\/www.antoinekaram.com\/fr\/wp-json\/wp\/v2\/pages"}],"about":[{"href":"https:\/\/www.antoinekaram.com\/fr\/wp-json\/wp\/v2\/types\/page"}],"author":[{"embeddable":true,"href":"https:\/\/www.antoinekaram.com\/fr\/wp-json\/wp\/v2\/users\/2"}],"replies":[{"embeddable":true,"href":"https:\/\/www.antoinekaram.com\/fr\/wp-json\/wp\/v2\/comments?post=8068"}],"version-history":[{"count":4,"href":"https:\/\/www.antoinekaram.com\/fr\/wp-json\/wp\/v2\/pages\/8068\/revisions"}],"predecessor-version":[{"id":15640,"href":"https:\/\/www.antoinekaram.com\/fr\/wp-json\/wp\/v2\/pages\/8068\/revisions\/15640"}],"wp:attachment":[{"href":"https:\/\/www.antoinekaram.com\/fr\/wp-json\/wp\/v2\/media?parent=8068"}],"curies":[{"name":"wp","href":"https:\/\/api.w.org\/{rel}","templated":true}]}}