{"id":8060,"date":"2020-10-25T19:04:43","date_gmt":"2020-10-25T17:04:43","guid":{"rendered":"https:\/\/www.antoinekaram.com\/instructions-dentretien\/"},"modified":"2024-12-29T17:57:33","modified_gmt":"2024-12-29T15:57:33","slug":"instructions-dentretien","status":"publish","type":"page","link":"https:\/\/www.antoinekaram.com\/fr\/instructions-dentretien\/","title":{"rendered":"Instructions d&rsquo;entretien"},"content":{"rendered":"<div class=\"fusion-fullwidth fullwidth-box fusion-builder-row-1 fusion-flex-container nonhundred-percent-fullwidth non-hundred-percent-height-scrolling\" style=\"--awb-border-radius-top-left:0px;--awb-border-radius-top-right:0px;--awb-border-radius-bottom-right:0px;--awb-border-radius-bottom-left:0px;--awb-flex-wrap:wrap;\" ><div class=\"fusion-builder-row fusion-row fusion-flex-align-items-flex-start fusion-flex-content-wrap\" style=\"max-width:1236px;margin-left: calc(-3% \/ 2 );margin-right: calc(-3% \/ 2 );\"><div class=\"fusion-layout-column fusion_builder_column fusion-builder-column-0 fusion_builder_column_1_1 1_1 fusion-flex-column\" style=\"--awb-bg-size:cover;--awb-width-large:100%;--awb-margin-top-large:0px;--awb-spacing-right-large:1.455%;--awb-margin-bottom-large:20px;--awb-spacing-left-large:1.455%;--awb-width-medium:100%;--awb-order-medium:0;--awb-spacing-right-medium:1.455%;--awb-spacing-left-medium:1.455%;--awb-width-small:100%;--awb-order-small:0;--awb-spacing-right-small:1.455%;--awb-spacing-left-small:1.455%;\"><div class=\"fusion-column-wrapper fusion-column-has-shadow fusion-flex-justify-content-flex-start fusion-content-layout-column\"><div class=\"fusion-text fusion-text-1\"><p>Votre linge de maison Antoine Karam a \u00e9t\u00e9 tiss\u00e9 avec go\u00fbt en utilisant les mati\u00e8res les plus nobles au monde et, avec un entretien appropri\u00e9, il vivra une belle vie prolong\u00e9e dans votre maison. Ce guide vous fournira les instructions d&rsquo;entretien n\u00e9cessaires pour assurer la durabilit\u00e9 de votre linge Antoine Karam.<\/p>\n<h5><strong>LAVAGE DU LIT  <br \/><\/strong><\/h5>\n<p>Nous vous recommandons d&rsquo;avoir trois jeux de draps que vous pouvez alterner. Pendant qu&rsquo;une s\u00e9rie est expos\u00e9e sur votre lit, les autres sont rang\u00e9es ou lav\u00e9es.<br \/>-Une \u00e9tape importante consiste \u00e0 s\u00e9parer votre linge en couleurs claires et fonc\u00e9es.<br \/>-Lavez votre linge assorti ensemble pour pr\u00e9server l&rsquo;homog\u00e9n\u00e9it\u00e9 des couleurs au fil du temps.<br \/>-Le premier lavage est tr\u00e8s important pour le linge neuf et le pr\u00e9pare \u00e0 une longue et belle vie. Il faut donc toujours pr\u00e9laver le linge avant de l&rsquo;utiliser pour la premi\u00e8re fois.<br \/>-Les ensembles de lits doivent \u00eatre lav\u00e9s \u00e0 30 degr\u00e9s en machine, \u00e0 froid ou \u00e0 ti\u00e8de (*pas \u00e0 chaud), avec un rin\u00e7age \u00e0 froid et un d\u00e9tergent liquide doux, \u00e0 un cycle de lavage et d&rsquo;essorage doux.<br \/>Ne remplissez jamais compl\u00e8tement le lave-linge.<br \/>-Les articles comportant des broderies d\u00e9licates peuvent \u00eatre lav\u00e9s \u00e0 l&rsquo;envers, et les petits articles avec des bordures en dentelle peuvent \u00eatre plac\u00e9s dans des sacs en filet pour une meilleure protection.<br \/>-Le d\u00e9tergent liquide ne doit pas contenir d&rsquo;agents blanchissants ou d\u00e9colorants, car ils risquent d&rsquo;alt\u00e9rer et d&rsquo;affaiblir la couleur et la texture du tissu au fil du temps.<br \/>-Les taches sp\u00e9cifiques doivent \u00eatre pr\u00e9trait\u00e9es avant le cycle de lavage g\u00e9n\u00e9ral.<br \/>-\u00c9vitez de laver le linge de lit avec des serviettes, car le coton \u00e9ponge risque d&rsquo;effleurer le tissu.<br \/>-Nous recommandons un nettoyage professionnel pour les couvertures de lit piqu\u00e9es et matelass\u00e9es, car elles sont trop grandes et trop lourdes lorsqu&rsquo;elles sont mouill\u00e9es pour \u00eatre lav\u00e9es dans des machines \u00e0 laver domestiques.<\/p>\n<h4>S\u00c9CHAGE<\/h4>\n<p>-L&rsquo;id\u00e9al est de s\u00e9cher votre linge \u00e0 l&rsquo;air libre, en le drapant \u00e0 l&rsquo;aide d&rsquo;un fil. Ne placez pas le linge \u00e0 la lumi\u00e8re directe et intense du soleil, car il pourrait jaunir.<br \/>Vous pouvez \u00e9galement s\u00e9cher votre linge en secouant le linge humide apr\u00e8s le lavage et en le pla\u00e7ant sans le serrer dans le s\u00e8che-linge. Ne surchargez pas le s\u00e8che-linge.<br \/>S\u00e9chez-les par culbutage \u00e0 la temp\u00e9rature la plus basse ou \u00e0 l&rsquo;air frais, et ne les s\u00e9chez jamais compl\u00e8tement, car une chaleur prolong\u00e9e dess\u00e8che leurs fibres et les rend inertes au fil du temps.<br \/>-Le nettoyage \u00e0 sec est \u00e9galement possible.  <\/p>\n<\/p>\n<h5><strong>LE RONDEMENT  <\/strong><\/h5>\n<p>Le meilleur moment pour repasser votre linge est lorsqu&rsquo;il est encore humide.<br \/>-Le r\u00e9glage du fer \u00e0 repasser doit \u00eatre ti\u00e8de\/chaud pour les cotons et chaud pour le linge de maison.<br \/>-Il est conseill\u00e9 de repasser vos draps en satin de coton sur l&rsquo;envers ; cela adoucira les fibres et restaurera la brillance ; car le satin de coton peut perdre son aspect soyeux d&rsquo;origine apr\u00e8s le premier lavage en raison de sa construction tiss\u00e9e.<br \/>-Lorsque vous repassez des monogrammes, de la dentelle d\u00e9licate ou d&rsquo;autres broderies, placez un chiffon blanc doux l\u00e9g\u00e8rement humide sur votre linge et repassez sur l&rsquo;envers lorsque cela est possible.<strong><br \/><\/strong><\/p>\n<\/p>\n<h5><strong>LAVAGE DU BAIN  <\/strong><\/h5>\n<p>Les serviettes Antoine Karam sont fabriqu\u00e9es en 100% coton \u00e9gyptien et tiss\u00e9es en Italie.<br \/>-Nous vous recommandons de laver les serviettes s\u00e9par\u00e9ment du linge de maison et de toujours s\u00e9parer les couleurs claires des couleurs fonc\u00e9es.<br \/>-Lavez toujours vos serviettes deux fois avant de les utiliser.<br \/>-Pour le premier lavage : pr\u00e9trempez dans de l&rsquo;eau froide avec une petite quantit\u00e9 de d\u00e9tergent liquide doux. Apr\u00e8s ce lavage, effectuez un cycle \u00e0 basse temp\u00e9rature, id\u00e9alement 30 degr\u00e9s Celsius.<br \/>-Lors des lavages suivants, continuez \u00e0 laver vos serviettes en machine \u00e0 l&rsquo;eau froide avec un d\u00e9tergent liquide doux. Ne versez jamais de d\u00e9tergents directement sur vos serviettes.<br \/>-Evitez les d\u00e9tergents blanchissants \u00e0 base de chlore car ils peuvent endommager l&rsquo;\u00e9ponge.<br \/>-Il est pr\u00e9f\u00e9rable de ne laver les serviettes qu&rsquo;avec d&rsquo;autres serviettes afin d&rsquo;\u00e9viter que les boucles \u00e9ponge ne soient endommag\u00e9es par des \u00e9l\u00e9ments tels que les rivets, les boutons et les fermetures \u00e0 glissi\u00e8re.<br \/>Ne surchargez pas le lave-linge.  <\/p>\n<h5><strong>S\u00c9CHAGE  <br \/><\/strong><\/h5>\n<p>S\u00e9cher par culbutage \u00e0 feu doux ou moyen. Ne pas trop s\u00e9cher.<br \/>Retirez vos serviettes \u00e0 la fin du cycle de s\u00e9chage.<br \/>Vous n&rsquo;avez pas besoin de repasser votre \u00e9ponge. Au lieu de cela, vous pouvez<br \/>aplatir et lisser facilement vos serviettes avec vos mains<br \/>avant de les plier et de les ranger.<br \/>&#8211; Ne surchargez pas le s\u00e8che-linge.  <\/p>\n<h4><strong>LAVAGE DE LA TABLE  <\/strong><\/h4>\n<\/p>\n<p>.-Nous vous recommandons de traiter et de nettoyer les taches aussi<br \/>rapidement que possible apr\u00e8s leur apparition.<br \/>.-\u00c9vitez de pulv\u00e9riser des amidons.<br \/>.-Notre linge de table peut \u00eatre lav\u00e9 \u00e0 30 degr\u00e9s<br \/>en machine ou \u00e0 chaud \u00e0 la main avec un d\u00e9tergent liquide doux<br \/>, \u00e0 un cycle de lavage et d&rsquo;essorage doux.<br \/>.-Il est pr\u00e9f\u00e9rable de ne pas utiliser d&rsquo;eau de Javel ou d&rsquo;assouplissant<br \/>.-S\u00e9chage en ligne ou par culbutage \u00e0 basse temp\u00e9rature. Retirez le produit pendant que<br \/>est encore humide.<br \/>&#8211; Il est recommand\u00e9 de nettoyer \u00e0 sec.<\/p><\/p>\n<\/div><\/div><\/div><\/div><\/div>\n","protected":false},"excerpt":{"rendered":"","protected":false},"author":2,"featured_media":0,"parent":0,"menu_order":0,"comment_status":"closed","ping_status":"closed","template":"","meta":{"_joinchat":[],"footnotes":""},"class_list":["post-8060","page","type-page","status-publish","hentry"],"_links":{"self":[{"href":"https:\/\/www.antoinekaram.com\/fr\/wp-json\/wp\/v2\/pages\/8060","targetHints":{"allow":["GET"]}}],"collection":[{"href":"https:\/\/www.antoinekaram.com\/fr\/wp-json\/wp\/v2\/pages"}],"about":[{"href":"https:\/\/www.antoinekaram.com\/fr\/wp-json\/wp\/v2\/types\/page"}],"author":[{"embeddable":true,"href":"https:\/\/www.antoinekaram.com\/fr\/wp-json\/wp\/v2\/users\/2"}],"replies":[{"embeddable":true,"href":"https:\/\/www.antoinekaram.com\/fr\/wp-json\/wp\/v2\/comments?post=8060"}],"version-history":[{"count":2,"href":"https:\/\/www.antoinekaram.com\/fr\/wp-json\/wp\/v2\/pages\/8060\/revisions"}],"predecessor-version":[{"id":8062,"href":"https:\/\/www.antoinekaram.com\/fr\/wp-json\/wp\/v2\/pages\/8060\/revisions\/8062"}],"wp:attachment":[{"href":"https:\/\/www.antoinekaram.com\/fr\/wp-json\/wp\/v2\/media?parent=8060"}],"curies":[{"name":"wp","href":"https:\/\/api.w.org\/{rel}","templated":true}]}}